{"id":220,"date":"2021-01-23T10:42:38","date_gmt":"2021-01-23T09:42:38","guid":{"rendered":"https:\/\/www.stb-wiegandt.de\/forms\/?page_id=220"},"modified":"2023-01-17T22:31:43","modified_gmt":"2023-01-17T21:31:43","slug":"efb-privat","status":"publish","type":"page","link":"https:\/\/www.stb-wiegandt.de\/forms\/efb\/efb-privat\/","title":{"rendered":"Privatmandant"},"content":{"rendered":"<p style=\"text-align: center;\"><a class=\"button_form\" style=\"font-size: 2rem;\" href=\"https:\/\/eu1.documents.adobe.com\/public\/esignWidget?wid=CBFCIBAA3AAABLblqZhDZSEZOvdlm7MDLWYz1qxX3Ni8mLx2ssJ-RvD2PdTHd2llIYREythYY0VhVARnNuLg*\" target=\"_blank\" rel=\"noopener\">Erfassungsbogen<\/a><\/p>\n<hr style=\"border: 0; height: 5px; background: #00b0f0; background-image: linear-gradient(to right, #ccc, #00b0f0, #ccc); border-radius: 100px;\" \/>\n<p style=\"text-align: center;\"><strong>Wir freuen uns, Sie als Mandant in unserer Kanzlei begr\u00fc\u00dfen zu d\u00fcrfen.<\/strong><\/p>\n<p style=\"text-align: center;\">Um Ihnen schnellstm\u00f6glich und in vollem Umfang helfen zu k\u00f6nnen, ben\u00f6tigen wir die in diesem Erfassungsbogen ben\u00f6tigten Daten von Ihnen!<\/p>\n<p>&nbsp;<\/p>\n<h3><span style=\"color: #ffff00;\"><span style=\"color: #00b0f0;\">Bearbeitungshinweise<\/span><strong><br \/>\n<\/strong><\/span><\/h3>\n<p><span style=\"color: #ff0000;\"><strong><span style=\"color: #0098c7;\">\u00bb<\/span>\u00a0 \u00a0<\/strong><\/span>Bearbeitungszeit: ca. 10 bis 15 Minuten<br \/>\n<span style=\"color: #0098c7;\"><strong>\u00bb<\/strong><\/span>\u00a0 \u00a0F\u00fcr das Ausf\u00fcllen ben\u00f6tigen Sie vor allem folgende Informationen \/ Unterlagen:<\/p>\n<ul>\n<li><span style=\"font-family: var(--list--font-family); background-color: var(--global--color-background); color: var(--global--color-primary); font-size: var(--global--font-size-base);\">Kopie eines Ausweisdokuments (z. B. Personalausweis \/ Reisepass)<\/span><\/li>\n<li>Ihre Bankdaten<\/li>\n<li>Bescheid \u00fcber die Erteilung der pers\u00f6nlichen steuerlichen Identifikationsnummer <strong>oder<\/strong> den letzten Einkommensteuerbescheid<\/li>\n<li>F\u00fcr Kinder: Bescheid \u00fcber die Erteilung der pers\u00f6nlichen steuerlichen Identifikationsnummer <strong>oder<\/strong> den letzten Einkommensteuerbescheid<\/li>\n<li>Unterberaternummer der DATEV eG (nicht die Beraternummer des Vorberaters!)<\/li>\n<\/ul>\n<p><span style=\"color: #0098c7;\"><strong>\u00bb<\/strong><\/span>\u00a0 \u00a0F\u00fcr <span style=\"color: #ff0000;\">Fragen<\/span> zum Erfassungsbogen k\u00f6nnen Sie sich gerne per <span style=\"color: #ff0000;\"><a style=\"color: #ff0000;\" href=\"mailto:info@stb-wiegandt.de?subject=Fragen zum Erfassungsbogen Privatmandant&amp;body=Sehr geehrte Damen und Herren,%0D%0A%0D%0Aich habe folgende Frage \/ Fragen bzgl. des Erfassungsbogens:\" target=\"_blank\" rel=\"noopener\">Mail an unser Sekretariat<\/a><\/span> wenden!<\/p>\n","protected":false},"excerpt":{"rendered":"<p>Erfassungsbogen Wir freuen uns, Sie als Mandant in unserer Kanzlei begr\u00fc\u00dfen zu d\u00fcrfen. Um Ihnen schnellstm\u00f6glich und in vollem Umfang helfen zu k\u00f6nnen, ben\u00f6tigen wir die in diesem Erfassungsbogen ben\u00f6tigten &#8230;<\/p>\n","protected":false},"author":2,"featured_media":0,"parent":35,"menu_order":0,"comment_status":"closed","ping_status":"closed","template":"","meta":{"footnotes":""},"class_list":["post-220","page","type-page","status-publish","hentry"],"_links":{"self":[{"href":"https:\/\/www.stb-wiegandt.de\/forms\/wp-json\/wp\/v2\/pages\/220","targetHints":{"allow":["GET"]}}],"collection":[{"href":"https:\/\/www.stb-wiegandt.de\/forms\/wp-json\/wp\/v2\/pages"}],"about":[{"href":"https:\/\/www.stb-wiegandt.de\/forms\/wp-json\/wp\/v2\/types\/page"}],"author":[{"embeddable":true,"href":"https:\/\/www.stb-wiegandt.de\/forms\/wp-json\/wp\/v2\/users\/2"}],"replies":[{"embeddable":true,"href":"https:\/\/www.stb-wiegandt.de\/forms\/wp-json\/wp\/v2\/comments?post=220"}],"version-history":[{"count":64,"href":"https:\/\/www.stb-wiegandt.de\/forms\/wp-json\/wp\/v2\/pages\/220\/revisions"}],"predecessor-version":[{"id":5325,"href":"https:\/\/www.stb-wiegandt.de\/forms\/wp-json\/wp\/v2\/pages\/220\/revisions\/5325"}],"up":[{"embeddable":true,"href":"https:\/\/www.stb-wiegandt.de\/forms\/wp-json\/wp\/v2\/pages\/35"}],"wp:attachment":[{"href":"https:\/\/www.stb-wiegandt.de\/forms\/wp-json\/wp\/v2\/media?parent=220"}],"curies":[{"name":"wp","href":"https:\/\/api.w.org\/{rel}","templated":true}]}}